{"id":638,"date":"2023-07-24T00:51:56","date_gmt":"2023-07-23T21:51:56","guid":{"rendered":"https:\/\/kr.org\/KR2023\/?page_id=638"},"modified":"2023-08-23T15:33:38","modified_gmt":"2023-08-23T12:33:38","slug":"schedule-day-3","status":"publish","type":"page","link":"https:\/\/kr.org\/KR2023\/schedule-day-3\/","title":{"rendered":"Schedule Thursday, September 7"},"content":{"rendered":"\n<div class=\"is-layout-flex wp-container-7 wp-block-columns\">\n<div class=\"is-layout-flow wp-block-column\" style=\"flex-basis:9%\">\n<p class=\"has-large-font-size\"><a href=\"https:\/\/kr.org\/KR2023\/schedule\/\" data-type=\"page\" data-id=\"552\">Overview<\/a><\/p>\n<\/div>\n\n\n\n<div class=\"is-layout-flow wp-block-column\" style=\"flex-basis:14%\">\n<p class=\"has-large-font-size\"><a href=\"https:\/\/kr.org\/KR2023\/detailed-schedule\/\" data-type=\"URL\" data-id=\"https:\/\/kr.org\/KR2023\/detailed-schedule\/\">Detailed Schedule<\/a><\/p>\n<\/div>\n\n\n\n<div class=\"is-layout-flow wp-block-column\" style=\"flex-basis:19%\">\n<p class=\"has-large-font-size\"><a href=\"https:\/\/kr.org\/KR2023\/schedule-day-1\/\" data-type=\"page\" data-id=\"619\">Tuesday, September 5<\/a><\/p>\n<\/div>\n\n\n\n<div class=\"is-layout-flow wp-block-column\" style=\"flex-basis:20%\">\n<p class=\"has-large-font-size\"><a href=\"https:\/\/kr.org\/KR2023\/schedule-day-2\/\" data-type=\"URL\" data-id=\"https:\/\/kr.org\/KR2023\/schedule-day-2\/\">Wednesday, September 6<\/a><\/p>\n<\/div>\n\n\n\n<div class=\"is-layout-flow wp-block-column\" style=\"flex-basis:19%\">\n<p class=\"has-large-font-size\"><a href=\"https:\/\/kr.org\/KR2023\/schedule-day-3\/\" data-type=\"URL\" data-id=\"https:\/\/kr.org\/KR2023\/schedule-day-3\/\">Thursday, September 7<\/a><\/p>\n<\/div>\n\n\n\n<div class=\"is-layout-flow wp-block-column\" style=\"flex-basis:19%\">\n<p class=\"has-large-font-size\"><a href=\"https:\/\/kr.org\/KR2023\/schedule-day-4\/\" data-type=\"URL\" data-id=\"https:\/\/kr.org\/KR2023\/schedule-day-4\/\">Friday, September 8<\/a><\/p>\n<\/div>\n<\/div>\n\n\n\n<meta http-equiv=\"Content-Type\" content=\"text\/html; charset=utf-8\"><link type=\"text\/css\" rel=\"stylesheet\" href=\"resources\/sheet.css\">\n<style type=\"text\/css\">.ritz .waffle a { color: inherit; }.ritz .waffle .s0{background-color:#e6b8af;text-align:center;color:#000000;font-family:'Arial';font-size:10pt;vertical-align:bottom;white-space:nowrap;direction:ltr;padding:2px 3px 2px 3px;}.ritz .waffle .s9{background-color:#ffffff;text-align:left;color:#000000;font-family:'Arial';font-size:10pt;vertical-align:top;white-space:nowrap;direction:ltr;padding:2px 3px 2px 3px;}.ritz .waffle .s14{background-color:#cfe2f3;text-align:right;color:#000000;font-family:'Arial';font-size:10pt;vertical-align:bottom;white-space:nowrap;direction:ltr;padding:2px 3px 2px 3px;}.ritz .waffle .s10{background-color:#b6d7a8;text-align:center;color:#000000;font-family:'Arial';font-size:10pt;vertical-align:bottom;white-space:nowrap;direction:ltr;padding:2px 3px 2px 3px;}.ritz .waffle .s11{background-color:#c9daf8;text-align:left;color:#000000;font-family:'Arial';font-size:10pt;vertical-align:middle;white-space:nowrap;direction:ltr;padding:2px 3px 2px 3px;}.ritz .waffle .s4{background-color:#fce5cd;text-align:center;font-weight:bold;color:#1f1f1f;font-family:'docs-Google Sans',Arial;font-size:9pt;vertical-align:bottom;white-space:nowrap;direction:ltr;padding:2px 3px 2px 3px;}.ritz .waffle .s7{border-bottom:1px SOLID #000000;border-right:1px SOLID #000000;background-color:#fce5cd;text-align:left;color:#000000;font-family:'Arial';font-size:10pt;vertical-align:top;white-space:normal;overflow:hidden;word-wrap:break-word;direction:ltr;padding:2px 3px 2px 3px;}.ritz .waffle .s12{background-color:#d5a6bd;text-align:center;color:#000000;font-family:'Arial';font-size:10pt;vertical-align:bottom;white-space:nowrap;direction:ltr;padding:2px 3px 2px 3px;}.ritz .waffle .s8{border-bottom:1px SOLID #000000;border-right:1px SOLID #000000;background-color:#d9ead3;text-align:left;color:#000000;font-family:'Arial';font-size:10pt;vertical-align:top;white-space:normal;overflow:hidden;word-wrap:break-word;direction:ltr;padding:2px 3px 2px 3px;}.ritz .waffle .s13{background-color:#ffffff;text-align:left;color:#000000;font-family:'Arial';font-size:10pt;vertical-align:middle;white-space:nowrap;direction:ltr;padding:2px 3px 2px 3px;}.ritz .waffle .s6{background-color:#c9daf8;text-align:left;color:#000000;font-family:'Arial';font-size:10pt;vertical-align:top;white-space:nowrap;direction:ltr;padding:2px 3px 2px 3px;}.ritz .waffle .s1{background-color:#ffffff;text-align:left;color:#000000;font-family:'Arial';font-size:10pt;vertical-align:bottom;white-space:nowrap;direction:ltr;padding:2px 3px 2px 3px;}.ritz .waffle .s3{background-color:#fce5cd;text-align:center;color:#000000;font-family:'Arial';font-size:10pt;vertical-align:bottom;white-space:nowrap;direction:ltr;padding:2px 3px 2px 3px;}.ritz .waffle .s2{background-color:#c9daf8;text-align:left;color:#000000;font-family:'Arial';font-size:10pt;vertical-align:bottom;white-space:nowrap;direction:ltr;padding:2px 3px 2px 3px;}.ritz .waffle .s16{background-color:#ffffff;text-align:center;color:#000000;font-family:'Arial';font-size:10pt;vertical-align:bottom;white-space:nowrap;direction:ltr;padding:2px 3px 2px 3px;}.ritz .waffle .s15{background-color:#ffffff;text-align:right;color:#000000;font-family:'Arial';font-size:10pt;vertical-align:bottom;white-space:nowrap;direction:ltr;padding:2px 3px 2px 3px;}.ritz .waffle .s5{background-color:#d9ead3;text-align:center;font-weight:bold;color:#1f1f1f;font-family:'docs-Google Sans',Arial;font-size:9pt;vertical-align:bottom;white-space:nowrap;direction:ltr;padding:2px 3px 2px 3px;}<\/style><div class=\"ritz grid-container\" dir=\"ltr\"><table class=\"waffle\" cellspacing=\"0\" cellpadding=\"0\"><thead><tr><th class=\"row-header freezebar-origin-ltr\"><\/th><th id=\"1157202895C0\" style=\"width:88px;\" class=\"column-headers-background\">A<\/th><th id=\"1157202895C3\" style=\"width:381px;\" class=\"column-headers-background\">D<\/th><th id=\"1157202895C4\" style=\"width:381px;\" class=\"column-headers-background\">E<\/th><th id=\"1157202895C5\" style=\"width:107px;\" class=\"column-headers-background\">F<\/th><th id=\"1157202895C8\" style=\"width:423px;\" class=\"column-headers-background\">I<\/th><th id=\"1157202895C9\" style=\"width:423px;\" class=\"column-headers-background\">J<\/th><\/tr><\/thead><tbody><tr style=\"height: 20px\"><th id=\"1157202895R0\" style=\"height: 20px;\" class=\"row-headers-background\"><div class=\"row-header-wrapper\" style=\"line-height: 20px\">1<\/div><\/th><td class=\"s0\" dir=\"ltr\" colspan=\"6\">September 7<\/td><\/tr><tr style=\"height: 20px\"><th id=\"1157202895R1\" style=\"height: 20px;\" class=\"row-headers-background\"><div class=\"row-header-wrapper\" style=\"line-height: 20px\">2<\/div><\/th><td class=\"s1\"><\/td><td><\/td><td><\/td><td><\/td><td><\/td><td><\/td><\/tr><tr style=\"height: 20px\"><th id=\"1157202895R2\" style=\"height: 20px;\" class=\"row-headers-background\"><div class=\"row-header-wrapper\" style=\"line-height: 20px\">3<\/div><\/th><td class=\"s2\" dir=\"ltr\">8:30 &#8211; 9:30<\/td><td class=\"s3\" dir=\"ltr\" colspan=\"5\">Invited Talk:  Torsten Schaub (University of Potsdam): ASP in Industry, here and there<\/td><\/tr><tr style=\"height: 20px\"><th id=\"1157202895R3\" style=\"height: 20px;\" class=\"row-headers-background\"><div class=\"row-header-wrapper\" style=\"line-height: 20px\">4<\/div><\/th><td class=\"s1\"><\/td><td><\/td><td><\/td><td><\/td><td><\/td><td><\/td><\/tr><tr style=\"height: 20px\"><th id=\"1157202895R4\" style=\"height: 20px;\" class=\"row-headers-background\"><div class=\"row-header-wrapper\" style=\"line-height: 20px\">5<\/div><\/th><td class=\"s1\"><\/td><td class=\"s4\" dir=\"ltr\" colspan=\"2\"> Logic Programming<\/td><td><\/td><td class=\"s5\" dir=\"ltr\" colspan=\"2\">Argumentation and Reasoning About Knowledge<\/td><\/tr><tr style=\"height: 20px\"><th id=\"1157202895R5\" style=\"height: 20px;\" class=\"row-headers-background\"><div class=\"row-header-wrapper\" style=\"line-height: 20px\">6<\/div><\/th><td class=\"s6\" dir=\"ltr\">9:30 &#8211; 10:45<\/td><td class=\"s7\">Markus Hecher and Rafael Kiesel<\/td><td class=\"s7\">The Impact of Structure in Answer Set Counting: Fighting Cycles and its Limits<\/td><td><\/td><td class=\"s8\">Daxin Liu, Qihui Feng, Vaishak Belle and Gerhard Lakemeyer<\/td><td class=\"s8\">Concerning Measures in a First-order Logic with Actions and Meta-beliefs<\/td><\/tr><tr style=\"height: 20px\"><th id=\"1157202895R6\" style=\"height: 20px;\" class=\"row-headers-background\"><div class=\"row-header-wrapper\" style=\"line-height: 20px\">7<\/div><\/th><td class=\"s9\" dir=\"ltr\"><\/td><td class=\"s7\">Zeynep G. Saribatur and Stefan Woltran<\/td><td class=\"s7\">Foundations for Projecting Away the Irrelevant in ASP Programs<\/td><td><\/td><td class=\"s8\">Ofer Arieli and Jesse Heyninck<\/td><td class=\"s8\">Simple Contrapositive Assumption-Based Argumentation with Partially-Ordered Preferences<\/td><\/tr><tr style=\"height: 20px\"><th id=\"1157202895R7\" style=\"height: 20px;\" class=\"row-headers-background\"><div class=\"row-header-wrapper\" style=\"line-height: 20px\">8<\/div><\/th><td class=\"s9\" dir=\"ltr\"><\/td><td class=\"s7\">Jorge Fandinno and Vladimir Lifschitz<\/td><td class=\"s7\">Omega-Completeness of the Logic of Here-and-There and Strong Equivalence of Logic Programs<\/td><td><\/td><td class=\"s8\">Daphne Odekerken, Tuomo Lehtonen, Annemarie Borg, Johannes P. Wallner and Matti J\u00e4rvisalo<\/td><td class=\"s8\">Argumentative Reasoning in ASPIC+ under Incomplete Information<\/td><\/tr><tr style=\"height: 20px\"><th id=\"1157202895R8\" style=\"height: 20px;\" class=\"row-headers-background\"><div class=\"row-header-wrapper\" style=\"line-height: 20px\">9<\/div><\/th><td class=\"s1\"><\/td><td><\/td><td><\/td><td><\/td><td><\/td><td><\/td><\/tr><tr style=\"height: 20px\"><th id=\"1157202895R9\" style=\"height: 20px;\" class=\"row-headers-background\"><div class=\"row-header-wrapper\" style=\"line-height: 20px\">10<\/div><\/th><td class=\"s2\" dir=\"ltr\">10:45 &#8211; 11:15<\/td><td class=\"s10\" dir=\"ltr\" colspan=\"5\">Coffee Break<\/td><\/tr><tr style=\"height: 20px\"><th id=\"1157202895R10\" style=\"height: 20px;\" class=\"row-headers-background\"><div class=\"row-header-wrapper\" style=\"line-height: 20px\">11<\/div><\/th><td class=\"s1\"><\/td><td><\/td><td><\/td><td><\/td><td><\/td><td><\/td><\/tr><tr style=\"height: 20px\"><th id=\"1157202895R11\" style=\"height: 20px;\" class=\"row-headers-background\"><div class=\"row-header-wrapper\" style=\"line-height: 20px\">12<\/div><\/th><td class=\"s11\" dir=\"ltr\">11:15 &#8211; 12:15<\/td><td class=\"s12\" dir=\"ltr\" colspan=\"5\">DI Session<\/td><\/tr><tr style=\"height: 20px\"><th id=\"1157202895R12\" style=\"height: 20px;\" class=\"row-headers-background\"><div class=\"row-header-wrapper\" style=\"line-height: 20px\">13<\/div><\/th><td class=\"s13\" dir=\"ltr\"><\/td><td><\/td><td><\/td><td><\/td><td><\/td><td><\/td><\/tr><tr style=\"height: 20px\"><th id=\"1157202895R13\" style=\"height: 20px;\" class=\"row-headers-background\"><div class=\"row-header-wrapper\" style=\"line-height: 20px\">14<\/div><\/th><td class=\"s2\" dir=\"ltr\">12:15 &#8211; 14:00<\/td><td class=\"s10\" dir=\"ltr\" colspan=\"5\">Lunch Break<\/td><\/tr><tr style=\"height: 20px\"><th id=\"1157202895R14\" style=\"height: 20px;\" class=\"row-headers-background\"><div class=\"row-header-wrapper\" style=\"line-height: 20px\">15<\/div><\/th><td class=\"s1\"><\/td><td><\/td><td><\/td><td><\/td><td><\/td><td><\/td><\/tr><tr style=\"height: 20px\"><th id=\"1157202895R15\" style=\"height: 20px;\" class=\"row-headers-background\"><div class=\"row-header-wrapper\" style=\"line-height: 20px\">16<\/div><\/th><td class=\"s1\"><\/td><td><\/td><td><\/td><td><\/td><td><\/td><td><\/td><\/tr><tr style=\"height: 20px\"><th id=\"1157202895R16\" style=\"height: 20px;\" class=\"row-headers-background\"><div class=\"row-header-wrapper\" style=\"line-height: 20px\">17<\/div><\/th><td class=\"s2\" dir=\"ltr\">14:00 &#8211; 15:40<\/td><td class=\"s4\" dir=\"ltr\" colspan=\"2\">Applications of KR<\/td><td class=\"s14\" dir=\"ltr\">14:00 &#8211; 15:40<\/td><td class=\"s5\" dir=\"ltr\" colspan=\"2\">Explainable AI<\/td><\/tr><tr style=\"height: 20px\"><th id=\"1157202895R17\" style=\"height: 20px;\" class=\"row-headers-background\"><div class=\"row-header-wrapper\" style=\"line-height: 20px\">18<\/div><\/th><td class=\"s9\" dir=\"ltr\"><\/td><td class=\"s7\">Periklis Mantenoglou, Dimitrios Kelesis and Alexander Artikis<\/td><td class=\"s7\">Complex Event Recognition with Allen Relations<\/td><td><\/td><td class=\"s8\">Federico Sabbatini and Roberta Calegari<\/td><td class=\"s8\">Explainable Clustering with CREAM<\/td><\/tr><tr style=\"height: 20px\"><th id=\"1157202895R18\" style=\"height: 20px;\" class=\"row-headers-background\"><div class=\"row-header-wrapper\" style=\"line-height: 20px\">19<\/div><\/th><td class=\"s9\" dir=\"ltr\"><\/td><td class=\"s7\">Adam Ishay, Zhun Yang and Joohyung Lee<\/td><td class=\"s7\">Leveraging Large Language Models to Generate Answer Set Programs<\/td><td><\/td><td class=\"s8\">Lance Kennedy, Issouf Kindo and Arthur Choi<\/td><td class=\"s8\">On Training Neurons with Bounded Compilations<\/td><\/tr><tr style=\"height: 20px\"><th id=\"1157202895R19\" style=\"height: 20px;\" class=\"row-headers-background\"><div class=\"row-header-wrapper\" style=\"line-height: 20px\">20<\/div><\/th><td class=\"s9\" dir=\"ltr\"><\/td><td class=\"s7\">Valeria Fionda, Antonio Ielo and Francesco Ricca<\/td><td class=\"s7\">Logic-based Composition of Business Process Models<\/td><td><\/td><td class=\"s8\">Cl\u00e9ment Carbonnel, Martin Cooper and Joao Marques-Silva<\/td><td class=\"s8\">Tractable Explaining of Multivariate Decision Trees<\/td><\/tr><tr style=\"height: 20px\"><th id=\"1157202895R20\" style=\"height: 20px;\" class=\"row-headers-background\"><div class=\"row-header-wrapper\" style=\"line-height: 20px\">21<\/div><\/th><td class=\"s1\"><\/td><td class=\"s7\">Frederico Aleixo, Matthias Knorr and Joao Leite<\/td><td class=\"s7\">Revising Boolean Logical Models of Biological Regulatory Networks<\/td><td><\/td><td class=\"s8\">David Tena Cucala, Bernardo Cuenca Grau, Boris Motik and Egor Kostylev<\/td><td class=\"s8\">On the Correspondence Between Max-Sum GNNs and Datalog<\/td><\/tr><tr style=\"height: 20px\"><th id=\"1157202895R21\" style=\"height: 20px;\" class=\"row-headers-background\"><div class=\"row-header-wrapper\" style=\"line-height: 20px\">22<\/div><\/th><td class=\"s1\"><\/td><td><\/td><td><\/td><td class=\"s15\" dir=\"ltr\"><\/td><td class=\"s16\" dir=\"ltr\" colspan=\"2\"><\/td><\/tr><tr style=\"height: 20px\"><th id=\"1157202895R22\" style=\"height: 20px;\" class=\"row-headers-background\"><div class=\"row-header-wrapper\" style=\"line-height: 20px\">23<\/div><\/th><td class=\"s1\"><\/td><td><\/td><td><\/td><td><\/td><td><\/td><td><\/td><\/tr><tr style=\"height: 20px\"><th id=\"1157202895R23\" style=\"height: 20px;\" class=\"row-headers-background\"><div class=\"row-header-wrapper\" style=\"line-height: 20px\">24<\/div><\/th><td class=\"s2\" dir=\"ltr\">15:40 &#8211; 16:10<\/td><td class=\"s10\" dir=\"ltr\" colspan=\"5\">Coffee Break<\/td><\/tr><tr style=\"height: 20px\"><th id=\"1157202895R24\" style=\"height: 20px;\" class=\"row-headers-background\"><div class=\"row-header-wrapper\" style=\"line-height: 20px\">25<\/div><\/th><td class=\"s1\"><\/td><td><\/td><td><\/td><td><\/td><td><\/td><td><\/td><\/tr><tr style=\"height: 20px\"><th id=\"1157202895R25\" style=\"height: 20px;\" class=\"row-headers-background\"><div class=\"row-header-wrapper\" style=\"line-height: 20px\">26<\/div><\/th><td class=\"s6\" dir=\"ltr\">16:10 &#8211; 17:50<\/td><td class=\"s4\" dir=\"ltr\" colspan=\"2\">Argumentation &amp; Explainable AI<\/td><td><\/td><td class=\"s5\" dir=\"ltr\" colspan=\"2\">Belief Revision<\/td><\/tr><tr style=\"height: 20px\"><th id=\"1157202895R26\" style=\"height: 20px;\" class=\"row-headers-background\"><div class=\"row-header-wrapper\" style=\"line-height: 20px\">27<\/div><\/th><td><\/td><td class=\"s7\">Antonio Rago, Hengzhi Li and Francesca Toni<\/td><td class=\"s7\">Interactive Explanations by Conflict Resolution via Argumentative Exchanges<\/td><td><\/td><td class=\"s8\">Jesse Heyninck, Giovanni Casini, Thomas Meyer and Umberto Straccia<\/td><td class=\"s8\">Revising typical beliefs: one revision to rule them all<\/td><\/tr><tr style=\"height: 20px\"><th id=\"1157202895R27\" style=\"height: 20px;\" class=\"row-headers-background\"><div class=\"row-header-wrapper\" style=\"line-height: 20px\">28<\/div><\/th><td class=\"s9\" dir=\"ltr\"><\/td><td class=\"s7\">C\u00e1ndido Otero, Dennis Craandijk and Floris Bex<\/td><td class=\"s7\">ORLA: Learning Explainable Argumentation Models<\/td><td><\/td><td class=\"s8\">Daira Pinto Prieto, Ronald de Haan and Ayb\u00fcke \u00d6zg\u00fcn<\/td><td class=\"s8\">A Belief Model for Conflicting and Uncertain Evidence: Connecting Dempster-Shafer Theory and the Topology of Evidence<\/td><\/tr><tr style=\"height: 20px\"><th id=\"1157202895R28\" style=\"height: 20px;\" class=\"row-headers-background\"><div class=\"row-header-wrapper\" style=\"line-height: 20px\">29<\/div><\/th><td class=\"s9\" dir=\"ltr\"><\/td><td class=\"s7\">Matti Berthold, Anna Rapberger and Markus Ulbricht<\/td><td class=\"s7\">Forgetting Aspects in Assumption-Based Argumentation<\/td><td><\/td><td class=\"s8\">Nicolas Schwind, S\u00e9bastien Konieczny and Ramon Pino Perez<\/td><td class=\"s8\">Iteration of Iterated Belief Revision<\/td><\/tr><tr style=\"height: 20px\"><th id=\"1157202895R29\" style=\"height: 20px;\" class=\"row-headers-background\"><div class=\"row-header-wrapper\" style=\"line-height: 20px\">30<\/div><\/th><td class=\"s9\" dir=\"ltr\"><\/td><td class=\"s7\">Rita T. Sousa, Sara Silva and Catia Pesquita<\/td><td class=\"s7\">Explainable representations for relation prediction in knowledge graphs<\/td><td><\/td><td class=\"s8\">Alejandro J. Mercado, Daniel Grimaldi and Ricardo Oscar Rodriguez<\/td><td class=\"s8\">Weak-ensconcement for Shielded base contraction<\/td><\/tr><\/tbody><\/table><\/div>\n","protected":false},"excerpt":{"rendered":"<p>Overview Detailed Schedule Tuesday, September 5 Wednesday, September 6 Thursday, September 7 Friday, September 8 A D E F I J 1 September 7 2 3 8:30 &#8211; 9:30 Invited Talk: Torsten Schaub (University of Potsdam): ASP in Industry, here and there 4 5 Logic Programming Argumentation and Reasoning About Knowledge 6 9:30 &#8211; 10:45 [&hellip;]<\/p>\n","protected":false},"author":1,"featured_media":0,"parent":0,"menu_order":0,"comment_status":"closed","ping_status":"closed","template":"","meta":[],"_links":{"self":[{"href":"https:\/\/kr.org\/KR2023\/wp-json\/wp\/v2\/pages\/638"}],"collection":[{"href":"https:\/\/kr.org\/KR2023\/wp-json\/wp\/v2\/pages"}],"about":[{"href":"https:\/\/kr.org\/KR2023\/wp-json\/wp\/v2\/types\/page"}],"author":[{"embeddable":true,"href":"https:\/\/kr.org\/KR2023\/wp-json\/wp\/v2\/users\/1"}],"replies":[{"embeddable":true,"href":"https:\/\/kr.org\/KR2023\/wp-json\/wp\/v2\/comments?post=638"}],"version-history":[{"count":7,"href":"https:\/\/kr.org\/KR2023\/wp-json\/wp\/v2\/pages\/638\/revisions"}],"predecessor-version":[{"id":753,"href":"https:\/\/kr.org\/KR2023\/wp-json\/wp\/v2\/pages\/638\/revisions\/753"}],"wp:attachment":[{"href":"https:\/\/kr.org\/KR2023\/wp-json\/wp\/v2\/media?parent=638"}],"curies":[{"name":"wp","href":"https:\/\/api.w.org\/{rel}","templated":true}]}}