{"id":345,"date":"2023-02-23T12:46:53","date_gmt":"2023-02-23T09:46:53","guid":{"rendered":"https:\/\/kr.org\/KR2023\/?page_id=345"},"modified":"2023-08-01T00:36:07","modified_gmt":"2023-07-31T21:36:07","slug":"workshops-and-tutorials","status":"publish","type":"page","link":"https:\/\/kr.org\/KR2023\/workshops-and-tutorials\/","title":{"rendered":"Workshops and Tutorials"},"content":{"rendered":"\n<p style=\"line-height:1.5\">We are happy to announce that KR 2023 will be accompanied by some high-class workshops and tutorials.<\/p>\n\n\n\n<p class=\"has-large-font-size\" style=\"line-height:1.5\">List of Workshops<\/p>\n\n\n\n<p style=\"line-height:1.5\"><strong><a href=\"https:\/\/sites.google.com\/view\/xlokr2023\" data-type=\"URL\" data-id=\"https:\/\/sites.google.com\/view\/xlokr2023\" target=\"_blank\" rel=\"noreferrer noopener\">4th Workshop on Explainable Logic-Based Knowledge Representation (XLoKR 2023)<\/a><\/strong><br><em>Franz Baader, Bart Bogaerts, Gerhard Brewka, Joerg Hoffmann, Thomas Lukasiewicz, Nico Potyka, Francesca Toni<\/em><\/p>\n\n\n\n<p style=\"line-height:1.5\"><strong><a href=\"https:\/\/argapp-workshop.github.io\/\" data-type=\"URL\" data-id=\"https:\/\/argapp-workshop.github.io\/\" target=\"_blank\" rel=\"noreferrer noopener\">First International Workshop on Argumentation and Applications (Arg&amp;App 2023)<\/a><\/strong><br><em>Oana Cocarascu, Sylvie Doutre, Jean-Guy Mailly, Antonio Rago<\/em><\/p>\n\n\n\n<p style=\"line-height:1.5\"><strong><a href=\"https:\/\/kodis23.wordpress.com\/\" data-type=\"URL\" data-id=\"https:\/\/kodis23.wordpress.com\/\" target=\"_blank\" rel=\"noreferrer noopener\">The Second Workshop on Knowledge Diversity (KoDis)<\/a><\/strong><br><em>Luc\u00eda G\u00f3mez Alvarez, Rafael Pe\u00f1aloza, Srdjan Vesic<\/em><\/p>\n\n\n\n<p style=\"line-height:1.5\"><strong><a href=\"https:\/\/sites.google.com\/view\/cme2023\/home\" data-type=\"URL\" data-id=\"https:\/\/sites.google.com\/view\/cme2023\/home\" target=\"_blank\" rel=\"noreferrer noopener\">CME: the 2nd International Workshop on Computational Machine Ethics<\/a><\/strong><br><em>Maurice Pagnucco, Yang Song, Louise Dennis<\/em><\/p>\n\n\n\n<p style=\"line-height:1.5\"><strong><a href=\"https:\/\/jlandes.wordpress.com\/graphical-reasoning-with-imperfect-data-grid-september-2-4-2023\/\" data-type=\"URL\" data-id=\"https:\/\/jlandes.wordpress.com\/graphical-reasoning-with-imperfect-data-grid-september-2-4-2023\/\" target=\"_blank\" rel=\"noreferrer noopener\">Graphical Reasoning with Imperfect Data (GRID)<\/a><\/strong><br><em>Sihem Belabbes, Juergen Landes<\/em><\/p>\n\n\n\n<p style=\"line-height:1.5\"><strong><a href=\"https:\/\/imageschema.net\/the-image-schema-day\/\" data-type=\"URL\" data-id=\"https:\/\/imageschema.net\/the-image-schema-day\/\" target=\"_blank\" rel=\"noreferrer noopener\">The Seventh Image Schema Day (ISD7)<\/a><\/strong><br><em>Maria M. Hedblom, Oliver Kutz<\/em><\/p>\n\n\n\n<p style=\"line-height:1.5\"><strong><a href=\"https:\/\/sites.google.com\/view\/enigma-2023\/\" data-type=\"URL\" data-id=\"https:\/\/sites.google.com\/view\/enigma-2023\/\" target=\"_blank\" rel=\"noreferrer noopener\">AI-driven Heterogeneous Data Management : Completing, Merging, Handling Inconsistencies and Query-answering (ENIGMA-2023)<\/a><\/strong><br><em>Salem Benferhat, Giovanni Casini, Andrea Tettamanzi, Thomas Meyer<\/em><\/p>\n\n\n\n<p style=\"line-height:1.5\"><strong><a rel=\"noreferrer noopener\" href=\"https:\/\/cakr23.krportal.org\/\" data-type=\"URL\" data-id=\"https:\/\/cakr23.krportal.org\/\" target=\"_blank\">Cognitive Aspects of Knowledge Representation (CAKR)<\/a><\/strong><br><em>Jesse Heyninck, Thomas Meyer, Clayton Baker<\/em><\/p>\n\n\n\n<p class=\"has-large-font-size\" style=\"line-height:1.5\">List of Tutorials<\/p>\n\n\n\n<p style=\"line-height:1.5\"><strong>Towards Causal Foundations of Safe AI<\/strong><br><em>Francis Rhys Ward, James Fox, Ryan Carey<\/em><\/p>\n\n\n\n<p style=\"line-height:1.5\"><strong><a href=\"https:\/\/logic-in.cs.tu-dortmund.de\/personen\/profs\/jean-christoph-jung\/tutorial\/\" data-type=\"URL\" data-id=\"https:\/\/logic-in.cs.tu-dortmund.de\/personen\/profs\/jean-christoph-jung\/tutorial\/\" target=\"_blank\" rel=\"noreferrer noopener\">Concept Learning in Description Logics<\/a><\/strong><br><em>Maurice Funk, Jean Christoph Jung, Axel-Cyrille Ngonga Ngomo, Frank Wolter<\/em><\/p>\n\n\n\n<p style=\"line-height:1.5\"><strong><a href=\"https:\/\/sites.google.com\/view\/sr-in-amd\/strategic-reasoning-in-amd-kr-2023\" data-type=\"URL\" data-id=\"https:\/\/sites.google.com\/view\/sr-in-amd\/strategic-reasoning-in-amd-kr-2023\">Strategic Reasoning in Automated Mechanism Design<\/a><\/strong><br><em>Munyque Mittelmann, Aniello Murano<\/em><\/p>\n\n\n\n<p style=\"line-height:1.5\"><strong><a href=\"https:\/\/sites.google.com\/view\/reasoning-termination\" data-type=\"URL\" data-id=\"https:\/\/sites.google.com\/view\/reasoning-termination\" target=\"_blank\" rel=\"noreferrer noopener\">Termination Analysis of Rule-based Ontological Reasoning<\/a><\/strong><br><em>Marco Calautti, Andreas Pieris<\/em><\/p>\n\n\n\n<p style=\"line-height:1.5\"><strong><a href=\"https:\/\/www.uni-muenster.de\/Informatik.AGBraun\/en\/research\/tutorials\/kr-23.html\" data-type=\"URL\" data-id=\"https:\/\/www.uni-muenster.de\/Informatik.AGBraun\/en\/research\/tutorials\/kr-23.html\" target=\"_blank\" rel=\"noreferrer noopener\">Statistical Relational AI &#8211; Exploiting Symmetries<\/a><\/strong><br><em>Tanya Braun, Marcel Gehrke, Marco Wilhelm<\/em><\/p>\n\n\n\n<p style=\"line-height:1.5\"><strong><a href=\"https:\/\/lat.inf.tu-dresden.de\/~francesco\/kr23-tutorial-proposal.pdf\" data-type=\"URL\" data-id=\"https:\/\/lat.inf.tu-dresden.de\/~francesco\/kr23-tutorial-proposal.pdf\" target=\"_blank\" rel=\"noreferrer noopener\">How KR Benefits from Formal Concept Analysis<\/a><\/strong><br><em>Francesco Kriegel, Bar\u0131\u015f Sertkaya<\/em><\/p>\n\n\n\n<p class=\"has-large-font-size\" style=\"line-height:1.5\">Co-Located&nbsp;Workshops<\/p>\n\n\n\n<p><strong>21st International Workshop on Non-Monotonic Reasoning<\/strong> (<a rel=\"noreferrer noopener\" href=\"http:\/\/nmr.krportal.org\/2023\/\" target=\"_blank\">NMR&nbsp;2023<\/a>)<\/p>\n\n\n\n<p><strong>36th International Workshop on Description Logics <\/strong>(<a rel=\"noreferrer noopener\" href=\"https:\/\/dl2023.w.uib.no\/\" target=\"_blank\">DL&nbsp;2023<\/a>)<\/p>\n","protected":false},"excerpt":{"rendered":"<p>We are happy to announce that KR 2023 will be accompanied by some high-class workshops and tutorials. List of Workshops 4th Workshop on Explainable Logic-Based Knowledge Representation (XLoKR 2023)Franz Baader, Bart Bogaerts, Gerhard Brewka, Joerg Hoffmann, Thomas Lukasiewicz, Nico Potyka, Francesca Toni First International Workshop on Argumentation and Applications (Arg&amp;App 2023)Oana Cocarascu, Sylvie Doutre, Jean-Guy [&hellip;]<\/p>\n","protected":false},"author":1,"featured_media":0,"parent":0,"menu_order":0,"comment_status":"closed","ping_status":"closed","template":"","meta":[],"_links":{"self":[{"href":"https:\/\/kr.org\/KR2023\/wp-json\/wp\/v2\/pages\/345"}],"collection":[{"href":"https:\/\/kr.org\/KR2023\/wp-json\/wp\/v2\/pages"}],"about":[{"href":"https:\/\/kr.org\/KR2023\/wp-json\/wp\/v2\/types\/page"}],"author":[{"embeddable":true,"href":"https:\/\/kr.org\/KR2023\/wp-json\/wp\/v2\/users\/1"}],"replies":[{"embeddable":true,"href":"https:\/\/kr.org\/KR2023\/wp-json\/wp\/v2\/comments?post=345"}],"version-history":[{"count":14,"href":"https:\/\/kr.org\/KR2023\/wp-json\/wp\/v2\/pages\/345\/revisions"}],"predecessor-version":[{"id":695,"href":"https:\/\/kr.org\/KR2023\/wp-json\/wp\/v2\/pages\/345\/revisions\/695"}],"wp:attachment":[{"href":"https:\/\/kr.org\/KR2023\/wp-json\/wp\/v2\/media?parent=345"}],"curies":[{"name":"wp","href":"https:\/\/api.w.org\/{rel}","templated":true}]}}